{"id":2125,"date":"2025-10-19T20:31:18","date_gmt":"2025-10-19T18:31:18","guid":{"rendered":"https:\/\/loudcomm.hu\/?page_id=2125"},"modified":"2025-10-19T20:39:37","modified_gmt":"2025-10-19T18:39:37","slug":"impresszum","status":"publish","type":"page","link":"https:\/\/loudcomm.hu\/en\/impresszum\/","title":{"rendered":"Impresszum"},"content":{"rendered":"<p>[et_pb_section fb_built=&#8221;1&#8243; _builder_version=&#8221;4.27.4&#8243; _module_preset=&#8221;default&#8221; global_colors_info=&#8221;{}&#8221;][et_pb_row _builder_version=&#8221;4.27.4&#8243; _module_preset=&#8221;default&#8221; global_colors_info=&#8221;{}&#8221;][et_pb_column type=&#8221;4_4&#8243; _builder_version=&#8221;4.27.4&#8243; _module_preset=&#8221;default&#8221; global_colors_info=&#8221;{}&#8221;][et_pb_text _builder_version=&#8221;4.27.4&#8243; _module_preset=&#8221;default&#8221; text_font=&#8221;&#8211;et_global_heading_font|700|||||||&#8221; header_font=&#8221;&#8211;et_global_heading_font|800|||||||&#8221; header_text_align=&#8221;center&#8221; header_text_color=&#8221;#4d4c20&#8243; global_colors_info=&#8221;{}&#8221;]<\/p>\n<h1>Impresszum<\/h1>\n<p>[\/et_pb_text][et_pb_text _builder_version=&#8221;4.27.4&#8243; _module_preset=&#8221;default&#8221; global_colors_info=&#8221;{}&#8221;]<\/p>\n<p class=\"p1\"><strong>Szolg\u00e1ltat\u00f3 neve<\/strong>: LOUD Communications Korl\u00e1tolt Felel\u0151ss\u00e9g\u0171 T\u00e1rsas\u00e1g<\/p>\n<p class=\"p1\"><strong>Sz\u00e9khely<\/strong>: 1027 Budapest, Bem J\u00f3zsef utca 9. Fsz. 10. ajt\u00f3<\/p>\n<p class=\"p1\"><strong>E-mail c\u00edme<\/strong>: szonja@loudcomm.hu<\/p>\n<p class=\"p1\"><strong>Telefonsz\u00e1m<\/strong>: +36704270497<\/p>\n<p class=\"p1\"><strong>Nyilv\u00e1ntart\u00e1sba bejegyz\u0151 b\u00edr\u00f3s\u00e1g<\/strong>: F\u0151v\u00e1rosi T\u00f6rv\u00e9nysz\u00e9k C\u00e9gb\u00edr\u00f3s\u00e1ga<\/p>\n<p class=\"p1\"><strong>Ad\u00f3sz\u00e1m:<\/strong> 27792696-2-41<\/p>\n<p class=\"p1\"><strong>\u00dcgyvezet\u0151 igazgat\u00f3<\/strong>: Ferenczi Szonja<\/p>\n<p class=\"p1\"><strong>T\u00e1rhelyszolg\u00e1ltat\u00f3<\/strong>: Sybell Informatika Korl\u00e1tolt Felel\u0151ss\u00e9g\u0171 T\u00e1rsas\u00e1g (c\u00e9gjegyz\u00e9ksz\u00e1m: 01-09-293034, ad\u00f3sz\u00e1m:<\/p>\n<p class=\"p1\">25859502-2-41, sz\u00e9khely: 1138 Budapest, Tomori utca 34. 2. em., e-mail c\u00edm: info@sybell.hu)<\/p>\n<p>[\/et_pb_text][\/et_pb_column][\/et_pb_row][\/et_pb_section]<\/p>","protected":false},"excerpt":{"rendered":"<p>ImpresszumSzolg\u00e1ltat\u00f3 neve: LOUD Communications Korl\u00e1tolt Felel\u0151ss\u00e9g\u0171 T\u00e1rsas\u00e1g Sz\u00e9khely: 1027 Budapest, Bem J\u00f3zsef utca 9. Fsz. 10. ajt\u00f3 E-mail c\u00edme: szonja@loudcomm.hu Telefonsz\u00e1m: +36704270497 Nyilv\u00e1ntart\u00e1sba bejegyz\u0151 b\u00edr\u00f3s\u00e1g: F\u0151v\u00e1rosi T\u00f6rv\u00e9nysz\u00e9k C\u00e9gb\u00edr\u00f3s\u00e1ga Ad\u00f3sz\u00e1m: 27792696-2-41 \u00dcgyvezet\u0151 igazgat\u00f3: Ferenczi Szonja T\u00e1rhelyszolg\u00e1ltat\u00f3: Sybell Informatika Korl\u00e1tolt Felel\u0151ss\u00e9g\u0171 T\u00e1rsas\u00e1g (c\u00e9gjegyz\u00e9ksz\u00e1m: 01-09-293034, ad\u00f3sz\u00e1m: 25859502-2-41, sz\u00e9khely: 1138 Budapest, Tomori utca 34. 2. em., e-mail c\u00edm: info@sybell.hu)<\/p>","protected":false},"author":2,"featured_media":0,"parent":0,"menu_order":0,"comment_status":"closed","ping_status":"closed","template":"","meta":{"_et_pb_use_builder":"on","_et_pb_old_content":"","_et_gb_content_width":"","footnotes":""},"class_list":["post-2125","page","type-page","status-publish","hentry"],"_links":{"self":[{"href":"https:\/\/loudcomm.hu\/en\/wp-json\/wp\/v2\/pages\/2125","targetHints":{"allow":["GET"]}}],"collection":[{"href":"https:\/\/loudcomm.hu\/en\/wp-json\/wp\/v2\/pages"}],"about":[{"href":"https:\/\/loudcomm.hu\/en\/wp-json\/wp\/v2\/types\/page"}],"author":[{"embeddable":true,"href":"https:\/\/loudcomm.hu\/en\/wp-json\/wp\/v2\/users\/2"}],"replies":[{"embeddable":true,"href":"https:\/\/loudcomm.hu\/en\/wp-json\/wp\/v2\/comments?post=2125"}],"version-history":[{"count":8,"href":"https:\/\/loudcomm.hu\/en\/wp-json\/wp\/v2\/pages\/2125\/revisions"}],"predecessor-version":[{"id":2144,"href":"https:\/\/loudcomm.hu\/en\/wp-json\/wp\/v2\/pages\/2125\/revisions\/2144"}],"wp:attachment":[{"href":"https:\/\/loudcomm.hu\/en\/wp-json\/wp\/v2\/media?parent=2125"}],"curies":[{"name":"wp","href":"https:\/\/api.w.org\/{rel}","templated":true}]}}